{"id":78,"date":"2024-01-14T14:30:55","date_gmt":"2024-01-14T14:30:55","guid":{"rendered":"https:\/\/amcs.expert\/?page_id=78"},"modified":"2026-04-03T15:08:26","modified_gmt":"2026-04-03T15:08:26","slug":"domicile","status":"publish","type":"page","link":"https:\/\/amcs.expert\/fr\/home\/","title":{"rendered":"Accueil"},"content":{"rendered":"<div data-elementor-type=\"wp-page\" data-elementor-id=\"78\" class=\"elementor elementor-78\" data-elementor-post-type=\"page\">\n\t\t\t\t<div class=\"elementor-element elementor-element-c7f4abd e-con-full e-flex e-con e-parent\" data-id=\"c7f4abd\" data-element_type=\"container\" data-e-type=\"container\" data-settings=\"{&quot;background_background&quot;:&quot;classic&quot;}\" loading=\"eager\" fetchpriority=\"high\">\n\t\t\t\t<div class=\"elementor-element elementor-element-3accdd8 elementor-widget elementor-widget-text-editor\" data-id=\"3accdd8\" data-element_type=\"widget\" data-e-type=\"widget\" data-widget_type=\"text-editor.default\">\n\t\t\t\t<div class=\"elementor-widget-container\">\n\t\t\t\t\t\t\t\t\t<p style=\"text-align: center;\">Bienvenue sur<\/p>\t\t\t\t\t\t\t\t<\/div>\n\t\t\t\t<\/div>\n\t\t\t\t<div class=\"elementor-element elementor-element-3479bcb elementor-widget elementor-widget-heading\" data-id=\"3479bcb\" data-element_type=\"widget\" data-e-type=\"widget\" data-widget_type=\"heading.default\">\n\t\t\t\t<div class=\"elementor-widget-container\">\n\t\t\t\t\t<h1 class=\"elementor-heading-title elementor-size-default\">A.M.C.S.<\/h1>\t\t\t\t<\/div>\n\t\t\t\t<\/div>\n\t\t\t\t<div class=\"elementor-element elementor-element-d67e90d elementor-widget elementor-widget-heading\" data-id=\"d67e90d\" data-element_type=\"widget\" data-e-type=\"widget\" data-widget_type=\"heading.default\">\n\t\t\t\t<div class=\"elementor-widget-container\">\n\t\t\t\t\t<h2 class=\"elementor-heading-title elementor-size-default\">Alliance de Consultants et d'Experts Maritimes<\/h2>\t\t\t\t<\/div>\n\t\t\t\t<\/div>\n\t\t\t\t<\/div>\n\t\t<div class=\"elementor-element elementor-element-42a7317 e-flex e-con-boxed elementor-invisible e-con e-parent\" data-id=\"42a7317\" data-element_type=\"container\" data-e-type=\"container\" data-settings=\"{&quot;animation&quot;:&quot;slideInUp&quot;}\">\n\t\t\t\t\t<div class=\"e-con-inner\">\n\t\t<div class=\"elementor-element elementor-element-62e8abe e-con-full e-flex e-con e-child\" data-id=\"62e8abe\" data-element_type=\"container\" data-e-type=\"container\" data-settings=\"{&quot;background_background&quot;:&quot;classic&quot;}\">\n\t\t\t\t<div class=\"elementor-element elementor-element-26293ff elementor-widget__width-inherit elementor-widget elementor-widget-heading\" data-id=\"26293ff\" data-element_type=\"widget\" data-e-type=\"widget\" data-widget_type=\"heading.default\">\n\t\t\t\t<div class=\"elementor-widget-container\">\n\t\t\t\t\t<h2 class=\"elementor-heading-title elementor-size-default\">Nos activit\u00e9s cl\u00e9s<\/h2>\t\t\t\t<\/div>\n\t\t\t\t<\/div>\n\t\t<div class=\"elementor-element elementor-element-31a20cd e-con-full e-flex e-con e-child\" data-id=\"31a20cd\" data-element_type=\"container\" data-e-type=\"container\">\n\t\t\t\t<div class=\"elementor-element elementor-element-7459a7d elementor-widget elementor-widget-text-editor\" data-id=\"7459a7d\" data-element_type=\"widget\" data-e-type=\"widget\" data-widget_type=\"text-editor.default\">\n\t\t\t\t<div class=\"elementor-widget-container\">\n\t\t\t\t\t\t\t\t\t<p>\u2022 Expertises maritimes et techniques en cas de sinistre<br \/>\u2022 Remorquage et assistance<br \/>\u2022 Expertises de dommages sur les infrastructures aquatiques<br \/>\u2022 Expertises techniques P&amp;I<br \/>\u2022 Panne de machine, mat\u00e9riel terrestre et dommages au transport (technique)<br \/>\u2022 Responsabilit\u00e9 du chantier naval\/r\u00e9parateur<br \/>\u2022 Expertises judiciaires et m\u00e9diation\/arbitrage<br \/>\u2022 Estimations<br \/>\u2022 Inspections<\/p>\t\t\t\t\t\t\t\t<\/div>\n\t\t\t\t<\/div>\n\t\t\t\t<div class=\"elementor-element elementor-element-da5f2c0 elementor-button-info elementor-align-right elementor-widget elementor-widget-button\" data-id=\"da5f2c0\" data-element_type=\"widget\" data-e-type=\"widget\" data-widget_type=\"button.default\">\n\t\t\t\t<div class=\"elementor-widget-container\">\n\t\t\t\t\t\t\t\t\t<div class=\"elementor-button-wrapper\">\n\t\t\t\t\t<a class=\"elementor-button elementor-button-link elementor-size-sm\" href=\"https:\/\/amcs.expert\/fr\/expertises\/\">\n\t\t\t\t\t\t<span class=\"elementor-button-content-wrapper\">\n\t\t\t\t\t\t\t\t\t<span class=\"elementor-button-text\">d\u00e9couvrez notre expertise<\/span>\n\t\t\t\t\t<\/span>\n\t\t\t\t\t<\/a>\n\t\t\t\t<\/div>\n\t\t\t\t\t\t\t\t<\/div>\n\t\t\t\t<\/div>\n\t\t\t\t<\/div>\n\t\t\t\t<\/div>\n\t\t\t\t\t<\/div>\n\t\t\t\t<\/div>\n\t\t<div class=\"elementor-element elementor-element-787461d e-con-full e-flex e-con e-parent\" data-id=\"787461d\" data-element_type=\"container\" data-e-type=\"container\">\n\t\t\t\t<div class=\"elementor-element elementor-element-239ac6b elementor-widget elementor-widget-heading\" data-id=\"239ac6b\" data-element_type=\"widget\" data-e-type=\"widget\" data-settings=\"{&quot;_animation&quot;:&quot;none&quot;}\" data-widget_type=\"heading.default\">\n\t\t\t\t<div class=\"elementor-widget-container\">\n\t\t\t\t\t<h2 class=\"elementor-heading-title elementor-size-default\">Contact<\/h2>\t\t\t\t<\/div>\n\t\t\t\t<\/div>\n\t\t\t\t<div class=\"elementor-element elementor-element-a14e4b8 elementor-widget elementor-widget-menu-anchor\" data-id=\"a14e4b8\" data-element_type=\"widget\" data-e-type=\"widget\" data-widget_type=\"menu-anchor.default\">\n\t\t\t\t<div class=\"elementor-widget-container\">\n\t\t\t\t\t\t\t<div class=\"elementor-menu-anchor\" id=\"contact\"><\/div>\n\t\t\t\t\t\t<\/div>\n\t\t\t\t<\/div>\n\t\t\t\t<\/div>\n\t\t<div class=\"elementor-element elementor-element-5282fbe e-con-full e-flex e-con e-parent\" data-id=\"5282fbe\" data-element_type=\"container\" data-e-type=\"container\" data-settings=\"{&quot;background_background&quot;:&quot;classic&quot;}\">\n\t\t<div class=\"elementor-element elementor-element-a9755fd e-con-full e-flex elementor-invisible e-con e-child\" data-id=\"a9755fd\" data-element_type=\"container\" data-e-type=\"container\" data-settings=\"{&quot;background_background&quot;:&quot;classic&quot;,&quot;animation&quot;:&quot;slideInUp&quot;,&quot;animation_delay&quot;:300}\">\n\t\t\t\t<div class=\"elementor-element elementor-element-be72d6b elementor-widget elementor-widget-heading\" data-id=\"be72d6b\" data-element_type=\"widget\" data-e-type=\"widget\" data-widget_type=\"heading.default\">\n\t\t\t\t<div class=\"elementor-widget-container\">\n\t\t\t\t\t<h2 class=\"elementor-heading-title elementor-size-default\">Michel Delaunois<\/h2>\t\t\t\t<\/div>\n\t\t\t\t<\/div>\n\t\t\t\t<div class=\"elementor-element elementor-element-ad5033c elementor-widget elementor-widget-text-editor\" data-id=\"ad5033c\" data-element_type=\"widget\" data-e-type=\"widget\" data-widget_type=\"text-editor.default\">\n\t\t\t\t<div class=\"elementor-widget-container\">\n\t\t\t\t\t\t\t\t\t<p><a href=\"mailto:michel.delaunois@amcs.expert\">michel.delaunois@amcs.expert<\/a><br \/>+32 479 88 00 18<\/p>\t\t\t\t\t\t\t\t<\/div>\n\t\t\t\t<\/div>\n\t\t\t\t<\/div>\n\t\t<div class=\"elementor-element elementor-element-f198e58 e-con-full e-flex elementor-invisible e-con e-child\" data-id=\"f198e58\" data-element_type=\"container\" data-e-type=\"container\" data-settings=\"{&quot;background_background&quot;:&quot;classic&quot;,&quot;animation&quot;:&quot;slideInUp&quot;,&quot;animation_delay&quot;:600}\">\n\t\t\t\t<div class=\"elementor-element elementor-element-536196f elementor-widget elementor-widget-heading\" data-id=\"536196f\" data-element_type=\"widget\" data-e-type=\"widget\" data-widget_type=\"heading.default\">\n\t\t\t\t<div class=\"elementor-widget-container\">\n\t\t\t\t\t<h2 class=\"elementor-heading-title elementor-size-default\">Johan Peeters<\/h2>\t\t\t\t<\/div>\n\t\t\t\t<\/div>\n\t\t\t\t<div class=\"elementor-element elementor-element-55847c2 elementor-widget elementor-widget-text-editor\" data-id=\"55847c2\" data-element_type=\"widget\" data-e-type=\"widget\" data-widget_type=\"text-editor.default\">\n\t\t\t\t<div class=\"elementor-widget-container\">\n\t\t\t\t\t\t\t\t\t<p><a href=\"mailto:johan.peeters@amcs.expert\">johan.peeters@amcs.expert<\/a><br \/>+32 456 14 42 86<\/p>\t\t\t\t\t\t\t\t<\/div>\n\t\t\t\t<\/div>\n\t\t\t\t<\/div>\n\t\t<div class=\"elementor-element elementor-element-0ac2fdd e-con-full e-flex elementor-invisible e-con e-child\" data-id=\"0ac2fdd\" data-element_type=\"container\" data-e-type=\"container\" data-settings=\"{&quot;background_background&quot;:&quot;classic&quot;,&quot;animation&quot;:&quot;slideInUp&quot;,&quot;animation_delay&quot;:900}\">\n\t\t\t\t<div class=\"elementor-element elementor-element-74d5705 elementor-widget elementor-widget-heading\" data-id=\"74d5705\" data-element_type=\"widget\" data-e-type=\"widget\" data-widget_type=\"heading.default\">\n\t\t\t\t<div class=\"elementor-widget-container\">\n\t\t\t\t\t<h2 class=\"elementor-heading-title elementor-size-default\">Peter Verlinden<\/h2>\t\t\t\t<\/div>\n\t\t\t\t<\/div>\n\t\t\t\t<div class=\"elementor-element elementor-element-0c5484a elementor-widget elementor-widget-text-editor\" data-id=\"0c5484a\" data-element_type=\"widget\" data-e-type=\"widget\" data-widget_type=\"text-editor.default\">\n\t\t\t\t<div class=\"elementor-widget-container\">\n\t\t\t\t\t\t\t\t\t<p><a href=\"mailto:peter.verlinden@amcs.expert\">peter.verlinden@amcs.expert<\/a><br \/>+32 469 19 36 61<\/p>\t\t\t\t\t\t\t\t<\/div>\n\t\t\t\t<\/div>\n\t\t\t\t<\/div>\n\t\t\t\t<\/div>\n\t\t<div class=\"elementor-element elementor-element-6d742c0 e-flex e-con-boxed e-con e-parent\" data-id=\"6d742c0\" data-element_type=\"container\" data-e-type=\"container\">\n\t\t\t\t\t<div class=\"e-con-inner\">\n\t\t\t\t<div class=\"elementor-element elementor-element-332ecb0 elementor-button-info elementor-align-center elementor-invisible elementor-widget elementor-widget-button\" data-id=\"332ecb0\" data-element_type=\"widget\" data-e-type=\"widget\" data-settings=\"{&quot;_animation&quot;:&quot;fadeIn&quot;,&quot;_animation_delay&quot;:900}\" data-widget_type=\"button.default\">\n\t\t\t\t<div class=\"elementor-widget-container\">\n\t\t\t\t\t\t\t\t\t<div class=\"elementor-button-wrapper\">\n\t\t\t\t\t<a class=\"elementor-button elementor-button-link elementor-size-sm\" href=\"https:\/\/amcs.expert\/fr\/nos-geometres\/\">\n\t\t\t\t\t\t<span class=\"elementor-button-content-wrapper\">\n\t\t\t\t\t\t\t\t\t<span class=\"elementor-button-text\"> d\u00e9couvrez nos profils<\/span>\n\t\t\t\t\t<\/span>\n\t\t\t\t\t<\/a>\n\t\t\t\t<\/div>\n\t\t\t\t\t\t\t\t<\/div>\n\t\t\t\t<\/div>\n\t\t\t\t\t<\/div>\n\t\t\t\t<\/div>\n\t\t<div class=\"elementor-element elementor-element-9f31e40 e-flex e-con-boxed e-con e-parent\" data-id=\"9f31e40\" data-element_type=\"container\" data-e-type=\"container\" data-settings=\"{&quot;background_background&quot;:&quot;classic&quot;}\">\n\t\t\t\t\t<div class=\"e-con-inner\">\n\t\t<div class=\"elementor-element elementor-element-e7e8fee e-con-full e-flex e-con e-child\" data-id=\"e7e8fee\" data-element_type=\"container\" data-e-type=\"container\">\n\t\t\t\t<div class=\"elementor-element elementor-element-11bdb4b elementor-widget elementor-widget-image\" data-id=\"11bdb4b\" data-element_type=\"widget\" data-e-type=\"widget\" data-widget_type=\"image.default\">\n\t\t\t\t<div class=\"elementor-widget-container\">\n\t\t\t\t\t\t\t\t\t\t\t\t\t\t\t<img fetchpriority=\"high\" decoding=\"async\" width=\"970\" height=\"317\" src=\"https:\/\/amcs.expert\/wp-content\/uploads\/2024\/01\/cropped-nieuw-logo-transparant-A.M.C.S-e1705157974821.png\" class=\"attachment-large size-large wp-image-298\" alt=\"\" srcset=\"https:\/\/amcs.expert\/wp-content\/uploads\/2024\/01\/cropped-nieuw-logo-transparant-A.M.C.S-e1705157974821.png 970w, https:\/\/amcs.expert\/wp-content\/uploads\/2024\/01\/cropped-nieuw-logo-transparant-A.M.C.S-e1705157974821-300x98.png 300w, https:\/\/amcs.expert\/wp-content\/uploads\/2024\/01\/cropped-nieuw-logo-transparant-A.M.C.S-e1705157974821-768x251.png 768w\" sizes=\"(max-width: 970px) 100vw, 970px\" \/>\t\t\t\t\t\t\t\t\t\t\t\t\t\t\t<\/div>\n\t\t\t\t<\/div>\n\t\t<div class=\"elementor-element elementor-element-0016521 e-con-full e-flex e-con e-child\" data-id=\"0016521\" data-element_type=\"container\" data-e-type=\"container\">\n\t\t\t\t<div class=\"elementor-element elementor-element-2911fa1 elementor-widget elementor-widget-text-editor\" data-id=\"2911fa1\" data-element_type=\"widget\" data-e-type=\"widget\" data-widget_type=\"text-editor.default\">\n\t\t\t\t<div class=\"elementor-widget-container\">\n\t\t\t\t\t\t\t\t\t<p><span style=\"font-style: inherit; font-weight: inherit;\"><strong>Si\u00e8ge social<\/strong><br \/><\/span>Kapelstraat 99<br \/>2850 Boom<\/p>\t\t\t\t\t\t\t\t<\/div>\n\t\t\t\t<\/div>\n\t\t\t\t<\/div>\n\t\t<div class=\"elementor-element elementor-element-dc26024 e-con-full e-flex e-con e-child\" data-id=\"dc26024\" data-element_type=\"container\" data-e-type=\"container\">\n\t\t\t\t<div class=\"elementor-element elementor-element-5abdf49 elementor-widget elementor-widget-text-editor\" data-id=\"5abdf49\" data-element_type=\"widget\" data-e-type=\"widget\" data-widget_type=\"text-editor.default\">\n\t\t\t\t<div class=\"elementor-widget-container\">\n\t\t\t\t\t\t\t\t\t<p><b>TVA&nbsp;<\/b>BE1004.426.486<\/p>\t\t\t\t\t\t\t\t<\/div>\n\t\t\t\t<\/div>\n\t\t\t\t<\/div>\n\t\t\t\t<\/div>\n\t\t<div class=\"elementor-element elementor-element-d1154c5 e-con-full e-flex e-con e-child\" data-id=\"d1154c5\" data-element_type=\"container\" data-e-type=\"container\">\n\t\t\t\t<div class=\"elementor-element elementor-element-2e67a94 elementor-button-info elementor-widget elementor-widget-button\" data-id=\"2e67a94\" data-element_type=\"widget\" data-e-type=\"widget\" data-widget_type=\"button.default\">\n\t\t\t\t<div class=\"elementor-widget-container\">\n\t\t\t\t\t\t\t\t\t<div class=\"elementor-button-wrapper\">\n\t\t\t\t\t<a class=\"elementor-button elementor-button-link elementor-size-sm\" href=\"https:\/\/amcs.expert\/wp-content\/uploads\/2026\/04\/GT-C-AMCS-2025-FR.pdf\" target=\"_blank\">\n\t\t\t\t\t\t<span class=\"elementor-button-content-wrapper\">\n\t\t\t\t\t\t\t\t\t<span class=\"elementor-button-text\">Nos CGV<\/span>\n\t\t\t\t\t<\/span>\n\t\t\t\t\t<\/a>\n\t\t\t\t<\/div>\n\t\t\t\t\t\t\t\t<\/div>\n\t\t\t\t<\/div>\n\t\t\t\t<\/div>\n\t\t\t\t\t<\/div>\n\t\t\t\t<\/div>\n\t\t\t\t<\/div>","protected":false},"excerpt":{"rendered":"<p>Welcom bij A.M.C.S. Alliance of Maritime Consultants &amp; Surveyors Onze kernactiviteiten omvatten \u2022 Maritieme en technische schade-expertises\u2022 Bergingen en hulpverlening\u2022 [&hellip;]<\/p>\n","protected":false},"author":2,"featured_media":0,"parent":0,"menu_order":0,"comment_status":"closed","ping_status":"closed","template":"elementor_header_footer","meta":{"site-sidebar-layout":"no-sidebar","site-content-layout":"","ast-site-content-layout":"full-width-container","site-content-style":"default","site-sidebar-style":"default","ast-global-header-display":"","ast-banner-title-visibility":"","ast-main-header-display":"","ast-hfb-above-header-display":"","ast-hfb-below-header-display":"","ast-hfb-mobile-header-display":"","site-post-title":"disabled","ast-breadcrumbs-content":"","ast-featured-img":"disabled","footer-sml-layout":"","ast-disable-related-posts":"","theme-transparent-header-meta":"","adv-header-id-meta":"","stick-header-meta":"","header-above-stick-meta":"","header-main-stick-meta":"","header-below-stick-meta":"","astra-migrate-meta-layouts":"default","ast-page-background-enabled":"default","ast-page-background-meta":{"desktop":{"background-color":"var(--ast-global-color-4)","background-image":"","background-repeat":"repeat","background-position":"center center","background-size":"auto","background-attachment":"scroll","background-type":"","background-media":"","overlay-type":"","overlay-color":"","overlay-opacity":"","overlay-gradient":""},"tablet":{"background-color":"","background-image":"","background-repeat":"repeat","background-position":"center center","background-size":"auto","background-attachment":"scroll","background-type":"","background-media":"","overlay-type":"","overlay-color":"","overlay-opacity":"","overlay-gradient":""},"mobile":{"background-color":"","background-image":"","background-repeat":"repeat","background-position":"center center","background-size":"auto","background-attachment":"scroll","background-type":"","background-media":"","overlay-type":"","overlay-color":"","overlay-opacity":"","overlay-gradient":""}},"ast-content-background-meta":{"desktop":{"background-color":"var(--ast-global-color-5)","background-image":"","background-repeat":"repeat","background-position":"center center","background-size":"auto","background-attachment":"scroll","background-type":"","background-media":"","overlay-type":"","overlay-color":"","overlay-opacity":"","overlay-gradient":""},"tablet":{"background-color":"var(--ast-global-color-5)","background-image":"","background-repeat":"repeat","background-position":"center center","background-size":"auto","background-attachment":"scroll","background-type":"","background-media":"","overlay-type":"","overlay-color":"","overlay-opacity":"","overlay-gradient":""},"mobile":{"background-color":"var(--ast-global-color-5)","background-image":"","background-repeat":"repeat","background-position":"center center","background-size":"auto","background-attachment":"scroll","background-type":"","background-media":"","overlay-type":"","overlay-color":"","overlay-opacity":"","overlay-gradient":""}},"footnotes":""},"class_list":["post-78","page","type-page","status-publish","hentry"],"yoast_head":"<!-- This site is optimized with the Yoast SEO plugin v27.5 - https:\/\/yoast.com\/product\/yoast-seo-wordpress\/ -->\n<title>AMCS \u2014 Home<\/title>\n<meta name=\"description\" content=\"AMCS: Expertise bij ongevallen, geschillen en crisisbeheersing om uw belangen op zee optimaal te beschermen.\" \/>\n<meta name=\"robots\" content=\"index, follow, max-snippet:-1, max-image-preview:large, max-video-preview:-1\" \/>\n<link rel=\"canonical\" href=\"https:\/\/amcs.expert\/fr\/domicile\/\" \/>\n<meta property=\"og:locale\" content=\"fr_FR\" \/>\n<meta property=\"og:type\" content=\"article\" \/>\n<meta property=\"og:title\" content=\"AMCS \u2014 Home\" \/>\n<meta property=\"og:description\" content=\"AMCS: Expertise bij ongevallen, geschillen en crisisbeheersing om uw belangen op zee optimaal te beschermen.\" \/>\n<meta property=\"og:url\" content=\"https:\/\/amcs.expert\/fr\/domicile\/\" \/>\n<meta property=\"og:site_name\" content=\"AMCS.Expert\" \/>\n<meta property=\"article:modified_time\" content=\"2026-04-03T15:08:26+00:00\" \/>\n<meta property=\"og:image\" content=\"https:\/\/amcs.expert\/wp-content\/uploads\/2024\/01\/cropped-nieuw-logo-transparant-A.M.C.S-e1705157974821.png\" \/>\n\t<meta property=\"og:image:width\" content=\"970\" \/>\n\t<meta property=\"og:image:height\" content=\"317\" \/>\n\t<meta property=\"og:image:type\" content=\"image\/png\" \/>\n<meta name=\"twitter:card\" content=\"summary_large_image\" \/>\n<meta name=\"twitter:label1\" content=\"Dur\u00e9e de lecture estim\u00e9e\" \/>\n\t<meta name=\"twitter:data1\" content=\"1 minute\" \/>\n<script type=\"application\/ld+json\" class=\"yoast-schema-graph\">{\"@context\":\"https:\\\/\\\/schema.org\",\"@graph\":[{\"@type\":\"WebPage\",\"@id\":\"https:\\\/\\\/amcs.expert\\\/home\\\/\",\"url\":\"https:\\\/\\\/amcs.expert\\\/home\\\/\",\"name\":\"AMCS \u2014 Home\",\"isPartOf\":{\"@id\":\"https:\\\/\\\/amcs.expert\\\/#website\"},\"primaryImageOfPage\":{\"@id\":\"https:\\\/\\\/amcs.expert\\\/home\\\/#primaryimage\"},\"image\":{\"@id\":\"https:\\\/\\\/amcs.expert\\\/home\\\/#primaryimage\"},\"thumbnailUrl\":\"https:\\\/\\\/amcs.expert\\\/wp-content\\\/uploads\\\/2024\\\/01\\\/cropped-nieuw-logo-transparant-A.M.C.S-e1705157974821.png\",\"datePublished\":\"2024-01-14T14:30:55+00:00\",\"dateModified\":\"2026-04-03T15:08:26+00:00\",\"description\":\"AMCS: Expertise bij ongevallen, geschillen en crisisbeheersing om uw belangen op zee optimaal te beschermen.\",\"breadcrumb\":{\"@id\":\"https:\\\/\\\/amcs.expert\\\/home\\\/#breadcrumb\"},\"inLanguage\":\"fr-FR\",\"potentialAction\":[{\"@type\":\"ReadAction\",\"target\":[\"https:\\\/\\\/amcs.expert\\\/home\\\/\"]}]},{\"@type\":\"ImageObject\",\"inLanguage\":\"fr-FR\",\"@id\":\"https:\\\/\\\/amcs.expert\\\/home\\\/#primaryimage\",\"url\":\"https:\\\/\\\/amcs.expert\\\/wp-content\\\/uploads\\\/2024\\\/01\\\/cropped-nieuw-logo-transparant-A.M.C.S-e1705157974821.png\",\"contentUrl\":\"https:\\\/\\\/amcs.expert\\\/wp-content\\\/uploads\\\/2024\\\/01\\\/cropped-nieuw-logo-transparant-A.M.C.S-e1705157974821.png\"},{\"@type\":\"BreadcrumbList\",\"@id\":\"https:\\\/\\\/amcs.expert\\\/home\\\/#breadcrumb\",\"itemListElement\":[{\"@type\":\"ListItem\",\"position\":1,\"name\":\"Accueil\",\"item\":\"https:\\\/\\\/amcs.expert\\\/\"},{\"@type\":\"ListItem\",\"position\":2,\"name\":\"Home\"}]},{\"@type\":\"WebSite\",\"@id\":\"https:\\\/\\\/amcs.expert\\\/#website\",\"url\":\"https:\\\/\\\/amcs.expert\\\/\",\"name\":\"AMCS.Expert\",\"description\":\"Alliance of Maritime Consultants &amp; Surveyors\",\"publisher\":{\"@id\":\"https:\\\/\\\/amcs.expert\\\/#organization\"},\"potentialAction\":[{\"@type\":\"SearchAction\",\"target\":{\"@type\":\"EntryPoint\",\"urlTemplate\":\"https:\\\/\\\/amcs.expert\\\/?s={search_term_string}\"},\"query-input\":{\"@type\":\"PropertyValueSpecification\",\"valueRequired\":true,\"valueName\":\"search_term_string\"}}],\"inLanguage\":\"fr-FR\"},{\"@type\":\"Organization\",\"@id\":\"https:\\\/\\\/amcs.expert\\\/#organization\",\"name\":\"Alliance of Maritime Consultants & Surveyors\",\"url\":\"https:\\\/\\\/amcs.expert\\\/\",\"logo\":{\"@type\":\"ImageObject\",\"inLanguage\":\"fr-FR\",\"@id\":\"https:\\\/\\\/amcs.expert\\\/#\\\/schema\\\/logo\\\/image\\\/\",\"url\":\"https:\\\/\\\/amcs.expert\\\/wp-content\\\/uploads\\\/2024\\\/01\\\/Nieuw-logo-A.M.C.S-e1705233101200.png\",\"contentUrl\":\"https:\\\/\\\/amcs.expert\\\/wp-content\\\/uploads\\\/2024\\\/01\\\/Nieuw-logo-A.M.C.S-e1705233101200.png\",\"width\":1172,\"height\":325,\"caption\":\"Alliance of Maritime Consultants & Surveyors\"},\"image\":{\"@id\":\"https:\\\/\\\/amcs.expert\\\/#\\\/schema\\\/logo\\\/image\\\/\"}}]}<\/script>\n<!-- \/ Yoast SEO plugin. -->","yoast_head_json":{"title":"AMCS \u2014 Accueil","description":"AMCS : Expertise en cas d'accidents, de litiges et de gestion de crise pour prot\u00e9ger au mieux vos int\u00e9r\u00eats en mer.","robots":{"index":"index","follow":"follow","max-snippet":"max-snippet:-1","max-image-preview":"max-image-preview:large","max-video-preview":"max-video-preview:-1"},"canonical":"https:\/\/amcs.expert\/fr\/domicile\/","og_locale":"fr_FR","og_type":"article","og_title":"AMCS \u2014 Home","og_description":"AMCS: Expertise bij ongevallen, geschillen en crisisbeheersing om uw belangen op zee optimaal te beschermen.","og_url":"https:\/\/amcs.expert\/fr\/domicile\/","og_site_name":"AMCS.Expert","article_modified_time":"2026-04-03T15:08:26+00:00","og_image":[{"width":970,"height":317,"url":"https:\/\/amcs.expert\/wp-content\/uploads\/2024\/01\/cropped-nieuw-logo-transparant-A.M.C.S-e1705157974821.png","type":"image\/png"}],"twitter_card":"summary_large_image","twitter_misc":{"Dur\u00e9e de lecture estim\u00e9e":"1 minute"},"schema":{"@context":"https:\/\/schema.org","@graph":[{"@type":"WebPage","@id":"https:\/\/amcs.expert\/home\/","url":"https:\/\/amcs.expert\/home\/","name":"AMCS \u2014 Accueil","isPartOf":{"@id":"https:\/\/amcs.expert\/#website"},"primaryImageOfPage":{"@id":"https:\/\/amcs.expert\/home\/#primaryimage"},"image":{"@id":"https:\/\/amcs.expert\/home\/#primaryimage"},"thumbnailUrl":"https:\/\/amcs.expert\/wp-content\/uploads\/2024\/01\/cropped-nieuw-logo-transparant-A.M.C.S-e1705157974821.png","datePublished":"2024-01-14T14:30:55+00:00","dateModified":"2026-04-03T15:08:26+00:00","description":"AMCS : Expertise en cas d'accidents, de litiges et de gestion de crise pour prot\u00e9ger au mieux vos int\u00e9r\u00eats en mer.","breadcrumb":{"@id":"https:\/\/amcs.expert\/home\/#breadcrumb"},"inLanguage":"fr-FR","potentialAction":[{"@type":"ReadAction","target":["https:\/\/amcs.expert\/home\/"]}]},{"@type":"ImageObject","inLanguage":"fr-FR","@id":"https:\/\/amcs.expert\/home\/#primaryimage","url":"https:\/\/amcs.expert\/wp-content\/uploads\/2024\/01\/cropped-nieuw-logo-transparant-A.M.C.S-e1705157974821.png","contentUrl":"https:\/\/amcs.expert\/wp-content\/uploads\/2024\/01\/cropped-nieuw-logo-transparant-A.M.C.S-e1705157974821.png"},{"@type":"BreadcrumbList","@id":"https:\/\/amcs.expert\/home\/#breadcrumb","itemListElement":[{"@type":"ListItem","position":1,"name":"Accueil","item":"https:\/\/amcs.expert\/"},{"@type":"ListItem","position":2,"name":"Home"}]},{"@type":"WebSite","@id":"https:\/\/amcs.expert\/#website","url":"https:\/\/amcs.expert\/","name":"AMCS.Expert","description":"Alliance de Consultants et d'Experts Maritimes","publisher":{"@id":"https:\/\/amcs.expert\/#organization"},"potentialAction":[{"@type":"SearchAction","target":{"@type":"EntryPoint","urlTemplate":"https:\/\/amcs.expert\/?s={search_term_string}"},"query-input":{"@type":"PropertyValueSpecification","valueRequired":true,"valueName":"search_term_string"}}],"inLanguage":"fr-FR"},{"@type":"Organization","@id":"https:\/\/amcs.expert\/#organization","name":"Alliance de Consultants et Experts Maritimes","url":"https:\/\/amcs.expert\/","logo":{"@type":"ImageObject","inLanguage":"fr-FR","@id":"https:\/\/amcs.expert\/#\/schema\/logo\/image\/","url":"https:\/\/amcs.expert\/wp-content\/uploads\/2024\/01\/Nieuw-logo-A.M.C.S-e1705233101200.png","contentUrl":"https:\/\/amcs.expert\/wp-content\/uploads\/2024\/01\/Nieuw-logo-A.M.C.S-e1705233101200.png","width":1172,"height":325,"caption":"Alliance of Maritime Consultants & Surveyors"},"image":{"@id":"https:\/\/amcs.expert\/#\/schema\/logo\/image\/"}}]}},"_links":{"self":[{"href":"https:\/\/amcs.expert\/fr\/wp-json\/wp\/v2\/pages\/78","targetHints":{"allow":["GET"]}}],"collection":[{"href":"https:\/\/amcs.expert\/fr\/wp-json\/wp\/v2\/pages"}],"about":[{"href":"https:\/\/amcs.expert\/fr\/wp-json\/wp\/v2\/types\/page"}],"author":[{"embeddable":true,"href":"https:\/\/amcs.expert\/fr\/wp-json\/wp\/v2\/users\/2"}],"replies":[{"embeddable":true,"href":"https:\/\/amcs.expert\/fr\/wp-json\/wp\/v2\/comments?post=78"}],"version-history":[{"count":360,"href":"https:\/\/amcs.expert\/fr\/wp-json\/wp\/v2\/pages\/78\/revisions"}],"predecessor-version":[{"id":987,"href":"https:\/\/amcs.expert\/fr\/wp-json\/wp\/v2\/pages\/78\/revisions\/987"}],"wp:attachment":[{"href":"https:\/\/amcs.expert\/fr\/wp-json\/wp\/v2\/media?parent=78"}],"curies":[{"name":"wp","href":"https:\/\/api.w.org\/{rel}","templated":true}]}}